{"id":87,"date":"2024-05-04T16:43:22","date_gmt":"2024-05-04T16:43:22","guid":{"rendered":"https:\/\/conflictos.elhogarquedeseo.com\/?page_id=87"},"modified":"2024-05-04T16:56:04","modified_gmt":"2024-05-04T16:56:04","slug":"4-efr-expresar-la-rabia","status":"publish","type":"page","link":"https:\/\/conflictos.elhogarquedeseo.com\/index.php\/4-efr-expresar-la-rabia\/","title":{"rendered":"4 EFR: EXPRESAR LA RABIA"},"content":{"rendered":"\n<figure class=\"wp-block-embed is-type-video is-provider-vimeo wp-block-embed-vimeo wp-embed-aspect-16-9 wp-has-aspect-ratio\"><div class=\"wp-block-embed__wrapper\">\n<iframe loading=\"lazy\" src=\"https:\/\/player.vimeo.com\/video\/673979556?h=3f3570af9a&amp;dnt=1&amp;app_id=122963\" width=\"660\" height=\"371\" frameborder=\"0\" allow=\"autoplay; fullscreen; picture-in-picture; clipboard-write\"><\/iframe>\n<\/div><\/figure>\n\n\n<h2 style=\"text-align: center;\">Contenido<\/h2>\n<ol>\n<li style=\"list-style-type: none;\">\n<ol>\n<li style=\"list-style-type: none;\">\n<ol>\n<li style=\"list-style-type: none;\">\n<ol>\n<li style=\"list-style-type: none;\">\n<ol>\n<li>\n<h5><a href=\"https:\/\/conflictos.elhogarquedeseo.com\/index.php\/1-efr-descubrir-y-dominar\/\">DESCUBRIR Y DOMINAR<\/a><\/h5>\n<\/li>\n<li>\n<h5><a href=\"https:\/\/conflictos.elhogarquedeseo.com\/index.php\/2-efr-comprender-la-rabia\/\">COMPRENDER LA RABIA<\/a><\/h5>\n<\/li>\n<li>\n<h5><a href=\"https:\/\/conflictos.elhogarquedeseo.com\/index.php\/3-efr-como-se-despierta\/\">\u00bfC\u00d3MO SE DESPIERTA?<\/a><\/h5>\n<\/li>\n<li>\n<h5><a href=\"https:\/\/conflictos.elhogarquedeseo.com\/index.php\/4-efr-expresar-la-rabia\/\">EXPRESAR LA RABIA<\/a><\/h5>\n<\/li>\n<li>\n<h5><a href=\"https:\/\/conflictos.elhogarquedeseo.com\/index.php\/5-efr-enfado-identificar-el-limite\/\">ENFADO: IDENTIFICAR EL L\u00cdMITE<\/a><\/h5>\n<\/li>\n<li>\n<h5><a href=\"https:\/\/conflictos.elhogarquedeseo.com\/index.php\/6-efr-expresar-el-limite\/\">EXPRESAR EL L\u00cdMITE<\/a><\/h5>\n<\/li>\n<li>\n<h5><a href=\"https:\/\/conflictos.elhogarquedeseo.com\/index.php\/7-efr-enfado-del-otro\/\">ENFADO DEL OTRO<\/a><\/h5>\n<\/li>\n<li>\n<h5><a href=\"https:\/\/conflictos.elhogarquedeseo.com\/index.php\/8-efr-escuchar-sin-personalizar\/\">ESCUCHAR SIN PERSONALIZAR<\/a><\/h5>\n<\/li>\n<li>\n<h5><a href=\"https:\/\/conflictos.elhogarquedeseo.com\/index.php\/9-efr-rabia-y-enfado-en-los-ninos\/\">RABIA Y ENFADO EN LOS NI\u00d1OS<\/a><\/h5>\n<\/li>\n<li>\n<h5><a href=\"_wp_link_placeholder\" data-wplink-edit=\"true\">ERROR CULPA Y PERD\u00d3N<\/a><\/h5>\n<\/li>\n<\/ol>\n<\/li>\n<\/ol>\n<\/li>\n<\/ol>\n<\/li>\n<\/ol>\n<\/li>\n<\/ol>","protected":false},"excerpt":{"rendered":"<p>Contenido DESCUBRIR Y DOMINAR COMPRENDER LA RABIA \u00bfC\u00d3MO SE DESPIERTA? EXPRESAR LA RABIA ENFADO: IDENTIFICAR EL L\u00cdMITE EXPRESAR EL L\u00cdMITE ENFADO DEL OTRO ESCUCHAR SIN PERSONALIZAR RABIA Y ENFADO EN LOS NI\u00d1OS ERROR CULPA Y PERD\u00d3N<\/p>\n","protected":false},"author":2,"featured_media":0,"parent":0,"menu_order":0,"comment_status":"closed","ping_status":"closed","template":"","meta":{"hide_page_title":"","_coblocks_attr":"","_coblocks_dimensions":"","_coblocks_responsive_height":"","_coblocks_accordion_ie_support":"","footnotes":""},"class_list":["post-87","page","type-page","status-publish","hentry"],"_links":{"self":[{"href":"https:\/\/conflictos.elhogarquedeseo.com\/index.php\/wp-json\/wp\/v2\/pages\/87","targetHints":{"allow":["GET"]}}],"collection":[{"href":"https:\/\/conflictos.elhogarquedeseo.com\/index.php\/wp-json\/wp\/v2\/pages"}],"about":[{"href":"https:\/\/conflictos.elhogarquedeseo.com\/index.php\/wp-json\/wp\/v2\/types\/page"}],"author":[{"embeddable":true,"href":"https:\/\/conflictos.elhogarquedeseo.com\/index.php\/wp-json\/wp\/v2\/users\/2"}],"replies":[{"embeddable":true,"href":"https:\/\/conflictos.elhogarquedeseo.com\/index.php\/wp-json\/wp\/v2\/comments?post=87"}],"version-history":[{"count":2,"href":"https:\/\/conflictos.elhogarquedeseo.com\/index.php\/wp-json\/wp\/v2\/pages\/87\/revisions"}],"predecessor-version":[{"id":108,"href":"https:\/\/conflictos.elhogarquedeseo.com\/index.php\/wp-json\/wp\/v2\/pages\/87\/revisions\/108"}],"wp:attachment":[{"href":"https:\/\/conflictos.elhogarquedeseo.com\/index.php\/wp-json\/wp\/v2\/media?parent=87"}],"curies":[{"name":"wp","href":"https:\/\/api.w.org\/{rel}","templated":true}]}}