{"id":54,"date":"2024-05-04T16:13:52","date_gmt":"2024-05-04T16:13:52","guid":{"rendered":"https:\/\/conflictos.elhogarquedeseo.com\/?page_id=54"},"modified":"2024-05-04T16:25:50","modified_gmt":"2024-05-04T16:25:50","slug":"tips-5-comprendo-lo-que-me-pasa","status":"publish","type":"page","link":"https:\/\/conflictos.elhogarquedeseo.com\/index.php\/tips-5-comprendo-lo-que-me-pasa\/","title":{"rendered":"Tips 5: \u00bfComprendo lo que me pasa?"},"content":{"rendered":"\n<figure class=\"wp-block-embed is-type-video is-provider-vimeo wp-block-embed-vimeo wp-embed-aspect-16-9 wp-has-aspect-ratio\"><div class=\"wp-block-embed__wrapper\">\n<iframe loading=\"lazy\" src=\"https:\/\/player.vimeo.com\/video\/663330618?h=9395a12df9&amp;dnt=1&amp;app_id=122963\" width=\"660\" height=\"371\" frameborder=\"0\" allow=\"autoplay; fullscreen; picture-in-picture; clipboard-write\"><\/iframe>\n<\/div><\/figure>\n\n\n<h2 style=\"text-align: center;\">Contenido\u00a0<\/h2>\n<ol>\n<li>\n<h5><a href=\"https:\/\/conflictos.elhogarquedeseo.com\/index.php\/tips-1-introduccion-el-cerebro-adolescente\/\">Introducci\u00f3n: El cerebro adolescente<\/a><\/h5>\n<\/li>\n<li>\n<h5><a href=\"https:\/\/conflictos.elhogarquedeseo.com\/index.php\/tips-2-autoempatia\/\">Autoempat\u00eda<\/a><\/h5>\n<\/li>\n<li>\n<h5><a href=\"https:\/\/conflictos.elhogarquedeseo.com\/index.php\/tips-3-observacion-escucha-y-conexion\/\">Observaci\u00f3n, escucha y conexi\u00f3n<\/a><\/h5>\n<\/li>\n<li>\n<h5><a href=\"https:\/\/conflictos.elhogarquedeseo.com\/index.php\/tips-4-nacimos-para-ser-felices-no-para-ser-perfectostips-4\/\">Nacimos para ser felices, no para ser perfectos<\/a><\/h5>\n<\/li>\n<li>\n<h5><a href=\"https:\/\/conflictos.elhogarquedeseo.com\/index.php\/tips-5-comprendo-lo-que-me-pasa\/\">\u00bfComprendo lo que me pasa?<\/a><\/h5>\n<\/li>\n<li>\n<h5><a href=\"https:\/\/conflictos.elhogarquedeseo.com\/index.php\/tips-6-no-te-desesperes-aunque-tengas-motivos\/\">No te desesperes, aunque tengas motivos<\/a><\/h5>\n<\/li>\n<li>\n<h5><a href=\"https:\/\/conflictos.elhogarquedeseo.com\/index.php\/tips-7-mapa-de-russell\/\">Mapa de Russell<\/a><\/h5>\n<\/li>\n<li>\n<h5><a href=\"https:\/\/conflictos.elhogarquedeseo.com\/index.php\/tips-8-apoyo-ante-el-sufrimiento\/\">Apoyo ante el sufrimiento<\/a><\/h5>\n<\/li>\n<li>\n<h5><a href=\"https:\/\/conflictos.elhogarquedeseo.com\/index.php\/tips-9-nunca-juzgar-intenciones\/\">Nunca juzgar intenciones<\/a><\/h5>\n<\/li>\n<li>\n<h5><a href=\"https:\/\/conflictos.elhogarquedeseo.com\/index.php\/tips-10-evita-el-imperativo\/\">Evita el imperativo<\/a><\/h5>\n<\/li>\n<\/ol>","protected":false},"excerpt":{"rendered":"<p>Contenido\u00a0 Introducci\u00f3n: El cerebro adolescente Autoempat\u00eda Observaci\u00f3n, escucha y conexi\u00f3n Nacimos para ser felices, no para ser perfectos \u00bfComprendo lo que me pasa? No te desesperes, aunque tengas motivos Mapa de Russell Apoyo ante el sufrimiento Nunca juzgar intenciones Evita el imperativo<\/p>\n","protected":false},"author":2,"featured_media":0,"parent":0,"menu_order":0,"comment_status":"closed","ping_status":"closed","template":"","meta":{"hide_page_title":"","_coblocks_attr":"","_coblocks_dimensions":"","_coblocks_responsive_height":"","_coblocks_accordion_ie_support":"","footnotes":""},"class_list":["post-54","page","type-page","status-publish","hentry"],"_links":{"self":[{"href":"https:\/\/conflictos.elhogarquedeseo.com\/index.php\/wp-json\/wp\/v2\/pages\/54","targetHints":{"allow":["GET"]}}],"collection":[{"href":"https:\/\/conflictos.elhogarquedeseo.com\/index.php\/wp-json\/wp\/v2\/pages"}],"about":[{"href":"https:\/\/conflictos.elhogarquedeseo.com\/index.php\/wp-json\/wp\/v2\/types\/page"}],"author":[{"embeddable":true,"href":"https:\/\/conflictos.elhogarquedeseo.com\/index.php\/wp-json\/wp\/v2\/users\/2"}],"replies":[{"embeddable":true,"href":"https:\/\/conflictos.elhogarquedeseo.com\/index.php\/wp-json\/wp\/v2\/comments?post=54"}],"version-history":[{"count":2,"href":"https:\/\/conflictos.elhogarquedeseo.com\/index.php\/wp-json\/wp\/v2\/pages\/54\/revisions"}],"predecessor-version":[{"id":74,"href":"https:\/\/conflictos.elhogarquedeseo.com\/index.php\/wp-json\/wp\/v2\/pages\/54\/revisions\/74"}],"wp:attachment":[{"href":"https:\/\/conflictos.elhogarquedeseo.com\/index.php\/wp-json\/wp\/v2\/media?parent=54"}],"curies":[{"name":"wp","href":"https:\/\/api.w.org\/{rel}","templated":true}]}}