{"id":45,"date":"2024-05-04T16:22:44","date_gmt":"2024-05-04T16:22:44","guid":{"rendered":"https:\/\/conflictos.elhogarquedeseo.com\/?page_id=45"},"modified":"2024-05-04T16:23:22","modified_gmt":"2024-05-04T16:23:22","slug":"tips-para-conflictos-con-adolescentes","status":"publish","type":"page","link":"https:\/\/conflictos.elhogarquedeseo.com\/index.php\/tips-para-conflictos-con-adolescentes\/","title":{"rendered":"Tips para conflictos con adolescentes"},"content":{"rendered":"\n<div class=\"wp-block-columns is-layout-flex wp-container-core-columns-is-layout-9d6595d7 wp-block-columns-is-layout-flex\">\n<div class=\"wp-block-column is-layout-flow wp-block-column-is-layout-flow\">\n<p>Curso breve para intentar solucionar conflictos con adolescentes<\/p>\n<\/div>\n\n\n\n<div class=\"wp-block-column is-layout-flow wp-block-column-is-layout-flow\">\n<figure class=\"wp-block-image size-full\"><img loading=\"lazy\" decoding=\"async\" width=\"361\" height=\"560\" src=\"https:\/\/conflictos.elhogarquedeseo.com\/wp-content\/uploads\/2024\/05\/cados.png\" alt=\"\" class=\"wp-image-34\" srcset=\"https:\/\/conflictos.elhogarquedeseo.com\/wp-content\/uploads\/2024\/05\/cados.png 361w, https:\/\/conflictos.elhogarquedeseo.com\/wp-content\/uploads\/2024\/05\/cados-193x300.png 193w\" sizes=\"auto, (max-width: 361px) 100vw, 361px\" \/><\/figure>\n<\/div>\n<\/div>\n\n\n<h2 style=\"text-align: center;\">Contenido\u00a0<\/h2>\n<ol>\n<li>\n<h5><a href=\"https:\/\/conflictos.elhogarquedeseo.com\/index.php\/tips-1-introduccion-el-cerebro-adolescente\/\">Introducci\u00f3n: El cerebro adolescente<\/a><\/h5>\n<\/li>\n<li>\n<h5><a href=\"https:\/\/conflictos.elhogarquedeseo.com\/index.php\/tips-2-autoempatia\/\">Autoempat\u00eda<\/a><\/h5>\n<\/li>\n<li>\n<h5><a href=\"https:\/\/conflictos.elhogarquedeseo.com\/index.php\/tips-3-observacion-escucha-y-conexion\/\">Observaci\u00f3n, escucha y conexi\u00f3n<\/a><\/h5>\n<\/li>\n<li>\n<h5><a href=\"https:\/\/conflictos.elhogarquedeseo.com\/index.php\/tips-4-nacimos-para-ser-felices-no-para-ser-perfectostips-4\/\">Nacimos para ser felices, no para ser perfectos<\/a><\/h5>\n<\/li>\n<li>\n<h5><a href=\"https:\/\/conflictos.elhogarquedeseo.com\/index.php\/tips-5-comprendo-lo-que-me-pasa\/\">\u00bfComprendo lo que me pasa?<\/a><\/h5>\n<\/li>\n<li>\n<h5><a href=\"https:\/\/conflictos.elhogarquedeseo.com\/index.php\/tips-6-no-te-desesperes-aunque-tengas-motivos\/\">No te desesperes, aunque tengas motivos<\/a><\/h5>\n<\/li>\n<li>\n<h5><a href=\"https:\/\/conflictos.elhogarquedeseo.com\/index.php\/tips-7-mapa-de-russell\/\">Mapa de Russell<\/a><\/h5>\n<\/li>\n<li>\n<h5><a href=\"https:\/\/conflictos.elhogarquedeseo.com\/index.php\/tips-8-apoyo-ante-el-sufrimiento\/\">Apoyo ante el sufrimiento<\/a><\/h5>\n<\/li>\n<li>\n<h5><a href=\"https:\/\/conflictos.elhogarquedeseo.com\/index.php\/tips-9-nunca-juzgar-intenciones\/\">Nunca juzgar intenciones<\/a><\/h5>\n<\/li>\n<li>\n<h5><a href=\"https:\/\/conflictos.elhogarquedeseo.com\/index.php\/tips-10-evita-el-imperativo\/\">Evita el imperativo<\/a><\/h5>\n<\/li>\n<\/ol>\n\n\n<p><\/p>\n","protected":false},"excerpt":{"rendered":"<p>Curso breve para intentar solucionar conflictos con adolescentes Contenido\u00a0 Introducci\u00f3n: El cerebro adolescente Autoempat\u00eda Observaci\u00f3n, escucha y conexi\u00f3n Nacimos para ser felices, no para ser perfectos \u00bfComprendo lo que me pasa? No te desesperes, aunque tengas motivos Mapa de Russell Apoyo ante el sufrimiento Nunca juzgar intenciones Evita el imperativo<\/p>\n","protected":false},"author":2,"featured_media":0,"parent":0,"menu_order":0,"comment_status":"closed","ping_status":"closed","template":"","meta":{"hide_page_title":"","_coblocks_attr":"","_coblocks_dimensions":"","_coblocks_responsive_height":"","_coblocks_accordion_ie_support":"","footnotes":""},"class_list":["post-45","page","type-page","status-publish","hentry"],"_links":{"self":[{"href":"https:\/\/conflictos.elhogarquedeseo.com\/index.php\/wp-json\/wp\/v2\/pages\/45","targetHints":{"allow":["GET"]}}],"collection":[{"href":"https:\/\/conflictos.elhogarquedeseo.com\/index.php\/wp-json\/wp\/v2\/pages"}],"about":[{"href":"https:\/\/conflictos.elhogarquedeseo.com\/index.php\/wp-json\/wp\/v2\/types\/page"}],"author":[{"embeddable":true,"href":"https:\/\/conflictos.elhogarquedeseo.com\/index.php\/wp-json\/wp\/v2\/users\/2"}],"replies":[{"embeddable":true,"href":"https:\/\/conflictos.elhogarquedeseo.com\/index.php\/wp-json\/wp\/v2\/comments?post=45"}],"version-history":[{"count":2,"href":"https:\/\/conflictos.elhogarquedeseo.com\/index.php\/wp-json\/wp\/v2\/pages\/45\/revisions"}],"predecessor-version":[{"id":68,"href":"https:\/\/conflictos.elhogarquedeseo.com\/index.php\/wp-json\/wp\/v2\/pages\/45\/revisions\/68"}],"wp:attachment":[{"href":"https:\/\/conflictos.elhogarquedeseo.com\/index.php\/wp-json\/wp\/v2\/media?parent=45"}],"curies":[{"name":"wp","href":"https:\/\/api.w.org\/{rel}","templated":true}]}}